{"id":2,"date":"2020-05-10T09:36:38","date_gmt":"2020-05-10T07:36:38","guid":{"rendered":"https:\/\/jetsetviaggi.it\/_mamawp\/?page_id=2"},"modified":"2026-04-27T12:17:00","modified_gmt":"2026-04-27T10:17:00","slug":"home","status":"publish","type":"page","link":"https:\/\/jetsetviaggi.it\/it\/","title":{"rendered":"Benvenuto"},"content":{"rendered":"<p>Il nostro nome \u00e8 un omaggio all\u2019et\u00e0 d\u2019oro dell\u2019aviazione civile, nel 1958 la PAN AM vol\u00f2 con un Jet da New York a Parigi, gli albori del turismo, non pi\u00f9 riservato agli aristocratici del Gran Tour!<\/p>\n<p>Jet-set divent\u00f2 uno stile di vita, non solo per le celebrit\u00e0, ma per migliaia di americani ed europei che cominciarono a spostarsi da una parte all\u2019altra dell\u2019Atlantico, inseguendo il sogno di Grace Kelly, della swinging London o dei couturier parigini.<\/p>\n","protected":false},"excerpt":{"rendered":"<p>Il nostro nome \u00e8 un omaggio all\u2019et\u00e0 d\u2019oro dell\u2019aviazione civile, nel 1958 la PAN AM vol\u00f2 con un Jet da New York a Parigi, gli albori del turismo, non pi\u00f9 riservato agli aristocratici del Gran Tour! Jet-set divent\u00f2 uno stile di vita, non solo per le celebrit\u00e0, ma per migliaia di americani ed europei che &hellip;<\/p>\n","protected":false},"author":1,"featured_media":0,"parent":0,"menu_order":0,"comment_status":"closed","ping_status":"closed","template":"","meta":{"_acf_changed":false,"_joinchat":[],"footnotes":""},"class_list":["post-2","page","type-page","status-publish","hentry"],"acf":[],"yoast_head":"<!-- This site is optimized with the Yoast SEO plugin v27.5 - https:\/\/yoast.com\/product\/yoast-seo-wordpress\/ -->\n<title>Benvenuto - Jet-set Viaggi - agenzia di viaggio<\/title>\n<meta name=\"robots\" content=\"index, follow, max-snippet:-1, max-image-preview:large, max-video-preview:-1\" \/>\n<link rel=\"canonical\" href=\"https:\/\/jetsetviaggi.it\/it\/\" \/>\n<meta property=\"og:locale\" content=\"it_IT\" \/>\n<meta property=\"og:type\" content=\"article\" \/>\n<meta property=\"og:title\" content=\"Benvenuto - Jet-set Viaggi - agenzia di viaggio\" \/>\n<meta property=\"og:description\" content=\"Il nostro nome \u00e8 un omaggio all\u2019et\u00e0 d\u2019oro dell\u2019aviazione civile, nel 1958 la PAN AM vol\u00f2 con un Jet da New York a Parigi, gli albori del turismo, non pi\u00f9 riservato agli aristocratici del Gran Tour! Jet-set divent\u00f2 uno stile di vita, non solo per le celebrit\u00e0, ma per migliaia di americani ed europei che &hellip;\" \/>\n<meta property=\"og:url\" content=\"https:\/\/jetsetviaggi.it\/it\/\" \/>\n<meta property=\"og:site_name\" content=\"Jet-set Viaggi - agenzia di viaggio\" \/>\n<meta property=\"article:modified_time\" content=\"2026-04-27T10:17:00+00:00\" \/>\n<meta property=\"og:image\" content=\"https:\/\/jetsetviaggi.it\/_mamawp\/wp-content\/uploads\/2021\/03\/logox2.png\" \/>\n\t<meta property=\"og:image:width\" content=\"944\" \/>\n\t<meta property=\"og:image:height\" content=\"278\" \/>\n\t<meta property=\"og:image:type\" content=\"image\/png\" \/>\n<meta name=\"twitter:card\" content=\"summary_large_image\" \/>\n<meta name=\"twitter:label1\" content=\"Tempo di lettura stimato\" \/>\n\t<meta name=\"twitter:data1\" content=\"1 minuto\" \/>\n<script type=\"application\/ld+json\" class=\"yoast-schema-graph\">{\"@context\":\"https:\\\/\\\/schema.org\",\"@graph\":[{\"@type\":\"WebPage\",\"@id\":\"https:\\\/\\\/jetsetviaggi.it\\\/it\\\/\",\"url\":\"https:\\\/\\\/jetsetviaggi.it\\\/it\\\/\",\"name\":\"Benvenuto - Jet-set Viaggi - agenzia di viaggio\",\"isPartOf\":{\"@id\":\"https:\\\/\\\/jetsetviaggi.it\\\/it\\\/#website\"},\"datePublished\":\"2020-05-10T07:36:38+00:00\",\"dateModified\":\"2026-04-27T10:17:00+00:00\",\"inLanguage\":\"it-IT\",\"potentialAction\":[{\"@type\":\"ReadAction\",\"target\":[\"https:\\\/\\\/jetsetviaggi.it\\\/it\\\/\"]}]},{\"@type\":\"WebSite\",\"@id\":\"https:\\\/\\\/jetsetviaggi.it\\\/it\\\/#website\",\"url\":\"https:\\\/\\\/jetsetviaggi.it\\\/it\\\/\",\"name\":\"Jet-set Viaggi - agenzia di viaggio\",\"description\":\"\",\"potentialAction\":[{\"@type\":\"SearchAction\",\"target\":{\"@type\":\"EntryPoint\",\"urlTemplate\":\"https:\\\/\\\/jetsetviaggi.it\\\/it\\\/?s={search_term_string}\"},\"query-input\":{\"@type\":\"PropertyValueSpecification\",\"valueRequired\":true,\"valueName\":\"search_term_string\"}}],\"inLanguage\":\"it-IT\"}]}<\/script>\n<!-- \/ Yoast SEO plugin. -->","yoast_head_json":{"title":"Benvenuto - Jet-set Viaggi - agenzia di viaggio","robots":{"index":"index","follow":"follow","max-snippet":"max-snippet:-1","max-image-preview":"max-image-preview:large","max-video-preview":"max-video-preview:-1"},"canonical":"https:\/\/jetsetviaggi.it\/it\/","og_locale":"it_IT","og_type":"article","og_title":"Benvenuto - Jet-set Viaggi - agenzia di viaggio","og_description":"Il nostro nome \u00e8 un omaggio all\u2019et\u00e0 d\u2019oro dell\u2019aviazione civile, nel 1958 la PAN AM vol\u00f2 con un Jet da New York a Parigi, gli albori del turismo, non pi\u00f9 riservato agli aristocratici del Gran Tour! Jet-set divent\u00f2 uno stile di vita, non solo per le celebrit\u00e0, ma per migliaia di americani ed europei che &hellip;","og_url":"https:\/\/jetsetviaggi.it\/it\/","og_site_name":"Jet-set Viaggi - agenzia di viaggio","article_modified_time":"2026-04-27T10:17:00+00:00","og_image":[{"width":944,"height":278,"url":"https:\/\/jetsetviaggi.it\/_mamawp\/wp-content\/uploads\/2021\/03\/logox2.png","type":"image\/png"}],"twitter_card":"summary_large_image","twitter_misc":{"Tempo di lettura stimato":"1 minuto"},"schema":{"@context":"https:\/\/schema.org","@graph":[{"@type":"WebPage","@id":"https:\/\/jetsetviaggi.it\/it\/","url":"https:\/\/jetsetviaggi.it\/it\/","name":"Benvenuto - Jet-set Viaggi - agenzia di viaggio","isPartOf":{"@id":"https:\/\/jetsetviaggi.it\/it\/#website"},"datePublished":"2020-05-10T07:36:38+00:00","dateModified":"2026-04-27T10:17:00+00:00","inLanguage":"it-IT","potentialAction":[{"@type":"ReadAction","target":["https:\/\/jetsetviaggi.it\/it\/"]}]},{"@type":"WebSite","@id":"https:\/\/jetsetviaggi.it\/it\/#website","url":"https:\/\/jetsetviaggi.it\/it\/","name":"Jet-set Viaggi - agenzia di viaggio","description":"","potentialAction":[{"@type":"SearchAction","target":{"@type":"EntryPoint","urlTemplate":"https:\/\/jetsetviaggi.it\/it\/?s={search_term_string}"},"query-input":{"@type":"PropertyValueSpecification","valueRequired":true,"valueName":"search_term_string"}}],"inLanguage":"it-IT"}]}},"_links":{"self":[{"href":"https:\/\/jetsetviaggi.it\/it\/wp-json\/wp\/v2\/pages\/2","targetHints":{"allow":["GET"]}}],"collection":[{"href":"https:\/\/jetsetviaggi.it\/it\/wp-json\/wp\/v2\/pages"}],"about":[{"href":"https:\/\/jetsetviaggi.it\/it\/wp-json\/wp\/v2\/types\/page"}],"author":[{"embeddable":true,"href":"https:\/\/jetsetviaggi.it\/it\/wp-json\/wp\/v2\/users\/1"}],"replies":[{"embeddable":true,"href":"https:\/\/jetsetviaggi.it\/it\/wp-json\/wp\/v2\/comments?post=2"}],"version-history":[{"count":0,"href":"https:\/\/jetsetviaggi.it\/it\/wp-json\/wp\/v2\/pages\/2\/revisions"}],"wp:attachment":[{"href":"https:\/\/jetsetviaggi.it\/it\/wp-json\/wp\/v2\/media?parent=2"}],"curies":[{"name":"wp","href":"https:\/\/api.w.org\/{rel}","templated":true}]}}